{"id":1545,"date":"2025-02-07T03:40:55","date_gmt":"2025-02-07T03:40:55","guid":{"rendered":"https:\/\/ndmproduction.com\/datenschutzbestimmungen\/"},"modified":"2025-02-14T15:13:47","modified_gmt":"2025-02-14T15:13:47","slug":"datenschutzbestimmungen","status":"publish","type":"page","link":"https:\/\/ndmproduction.com\/de\/datenschutzbestimmungen\/","title":{"rendered":"Datenschutzbestimmungen"},"content":{"rendered":"\t\t<div data-elementor-type=\"wp-page\" data-elementor-id=\"1545\" class=\"elementor elementor-1545 elementor-1109\" data-elementor-post-type=\"page\">\n\t\t\t\t<div class=\"elementor-element elementor-element-b21a127 e-flex e-con-boxed e-con e-parent\" data-id=\"b21a127\" data-element_type=\"container\" data-e-type=\"container\" data-settings=\"{&quot;background_background&quot;:&quot;gradient&quot;}\">\n\t\t\t\t\t<div class=\"e-con-inner\">\n\t\t\t\t<div class=\"elementor-element elementor-element-63bf40d elementor-invisible elementor-widget elementor-widget-heading\" data-id=\"63bf40d\" data-element_type=\"widget\" data-e-type=\"widget\" data-settings=\"{&quot;_animation&quot;:&quot;slideInUp&quot;}\" data-widget_type=\"heading.default\">\n\t\t\t\t<div class=\"elementor-widget-container\">\n\t\t\t\t\t<h2 class=\"elementor-heading-title elementor-size-default\">Datenschutzbestimmungen<\/h2>\t\t\t\t<\/div>\n\t\t\t\t<\/div>\n\t\t\t\t<div class=\"elementor-element elementor-element-8d7b62b animated-slow elementor-invisible elementor-widget elementor-widget-heading\" data-id=\"8d7b62b\" data-element_type=\"widget\" data-e-type=\"widget\" data-settings=\"{&quot;_animation&quot;:&quot;slideInUp&quot;}\" data-widget_type=\"heading.default\">\n\t\t\t\t<div class=\"elementor-widget-container\">\n\t\t\t\t\t<p class=\"elementor-heading-title elementor-size-default\"><b>1. Name und Kontaktinformationen der verantwortlichen Partei<\/b><\/br>\nVerantwortlich f\u00fcr die Datenverarbeitung:\nDaniel Neumann\nNelkenstra\u00dfe 15\n30974 Wennigsen\nEmail: ndmproductions@outlook.com\n<\/br><\/br>\n<b>2. Erhebung und Verarbeitung pers\u00f6nlicher Daten<\/b><\/br>\nWenn Sie \u00fcber unsere Website\neine Bewerbung einreichen, erfassen wir die folgenden personenbezogenen Daten:\n<\/br><\/br>\nName\nAlter\nTelefonnummer\nInstagram-Benutzername\nZustimmung zur Kontaktaufnahme \u00fcber WhatsApp\nWir sammeln diese Daten f\u00fcr folgende Zwecke:\n<\/br><\/br>\nBearbeitung von Bewerbungen\nKontaktaufnahme mit Bewerbern\nInterne Analyse und Entscheidungsfindung\nK\u00fcnftige Vertragsangebote\n<\/br><\/br>\n<b>3. Speicherung und L\u00f6schung von Daten<b>\nWenn keine Zusammenarbeit zustande kommt, werden Ihre Daten nach einem Monat gel\u00f6scht. Wenn eine Zusammenarbeit eingeleitet wird, werden Ihre Daten f\u00fcr die Dauer des Vertrags und in \u00dcbereinstimmung mit den gesetzlichen Aufbewahrungsfristen gespeichert.\n<\/br><\/br>\n<b>4. Gemeinsame Nutzung von Daten mit Drittparteien<b>\nIhre Daten k\u00f6nnen an Partneragenturen weitergegeben werden, die uns bei der Verwaltung von Bewerbungen und dem Talentmanagement von OnlyFans unterst\u00fctzen. Die Daten werden nicht verkauft oder f\u00fcr Marketingzwecke missbraucht.\n<\/br><\/br>\n<b>5. Hosting und Daten\u00fcbertragung<b>\nDiese Website wird in Deutschland gehostet, wodurch sichergestellt wird, dass Ihre Daten gem\u00e4\u00df den EU GDPR-Vorschriften verarbeitet werden. Eingereichte Antr\u00e4ge werden per E-Mail zur Bearbeitung an uns weitergeleitet.\n<\/br><\/br>\n<b>6. Cookies und Tracking<b>\nWir verwenden keine Cookies oder Tracking-Technologien auf unserer Website. Es werden keine pers\u00f6nlichen Daten durch automatische Tracking-Tools gesammelt.\n<\/br><\/br>\n<b>7. Rechte des Antragstellers<b>\nAls Bewerber haben Sie das Recht auf:\n<\/br><\/br>\nFordern Sie Auskunft \u00fcber die Daten, die wir \u00fcber Sie gespeichert haben.\nFordern Sie die Berichtigung unrichtiger personenbezogener Daten an.\nFordern Sie die L\u00f6schung Ihrer Daten an (es sei denn, es bestehen gesetzliche Aufbewahrungspflichten).\nF\u00fcr alle Anfragen in Bezug auf Ihre Daten kontaktieren Sie uns bitte \u00fcber ndmproductions@outlook.com.\n<\/br><\/br>\n<b>8. \u00c4nderungen an dieser Datenschutzrichtlinie<b>\nWir behalten uns das Recht vor, diese Datenschutzrichtlinie bei Bedarf zu aktualisieren. Die neueste Version wird immer auf unserer Website verf\u00fcgbar sein.\n<\/br>\n<b>Datum des Inkrafttretens: 06.02.2025<b><\/p>\t\t\t\t<\/div>\n\t\t\t\t<\/div>\n\t\t\t\t\t<\/div>\n\t\t\t\t<\/div>\n\t\t\t\t<\/div>\n\t\t","protected":false},"excerpt":{"rendered":"<p>Datenschutzbestimmungen 1. Name und Kontaktinformationen der verantwortlichen Partei Verantwortlich f\u00fcr die Datenverarbeitung: Daniel Neumann Nelkenstra\u00dfe 15 30974 Wennigsen Email: ndmproductions@outlook.com [&hellip;]<\/p>\n","protected":false},"author":1,"featured_media":0,"parent":0,"menu_order":0,"comment_status":"closed","ping_status":"closed","template":"elementor_header_footer","meta":{"_acf_changed":false,"site-sidebar-layout":"no-sidebar","site-content-layout":"","ast-site-content-layout":"full-width-container","site-content-style":"default","site-sidebar-style":"default","ast-global-header-display":"","ast-banner-title-visibility":"","ast-main-header-display":"","ast-hfb-above-header-display":"","ast-hfb-below-header-display":"","ast-hfb-mobile-header-display":"","site-post-title":"disabled","ast-breadcrumbs-content":"","ast-featured-img":"disabled","footer-sml-layout":"","ast-disable-related-posts":"","theme-transparent-header-meta":"","adv-header-id-meta":"","stick-header-meta":"","header-above-stick-meta":"","header-main-stick-meta":"","header-below-stick-meta":"","astra-migrate-meta-layouts":"default","ast-page-background-enabled":"default","ast-page-background-meta":{"desktop":{"background-color":"var(--ast-global-color-5)","background-image":"","background-repeat":"repeat","background-position":"center center","background-size":"auto","background-attachment":"scroll","background-type":"","background-media":"","overlay-type":"","overlay-color":"","overlay-opacity":"","overlay-gradient":""},"tablet":{"background-color":"","background-image":"","background-repeat":"repeat","background-position":"center center","background-size":"auto","background-attachment":"scroll","background-type":"","background-media":"","overlay-type":"","overlay-color":"","overlay-opacity":"","overlay-gradient":""},"mobile":{"background-color":"","background-image":"","background-repeat":"repeat","background-position":"center center","background-size":"auto","background-attachment":"scroll","background-type":"","background-media":"","overlay-type":"","overlay-color":"","overlay-opacity":"","overlay-gradient":""}},"ast-content-background-meta":{"desktop":{"background-color":"var(--ast-global-color-4)","background-image":"","background-repeat":"repeat","background-position":"center center","background-size":"auto","background-attachment":"scroll","background-type":"","background-media":"","overlay-type":"","overlay-color":"","overlay-opacity":"","overlay-gradient":""},"tablet":{"background-color":"var(--ast-global-color-4)","background-image":"","background-repeat":"repeat","background-position":"center center","background-size":"auto","background-attachment":"scroll","background-type":"","background-media":"","overlay-type":"","overlay-color":"","overlay-opacity":"","overlay-gradient":""},"mobile":{"background-color":"var(--ast-global-color-4)","background-image":"","background-repeat":"repeat","background-position":"center center","background-size":"auto","background-attachment":"scroll","background-type":"","background-media":"","overlay-type":"","overlay-color":"","overlay-opacity":"","overlay-gradient":""}},"footnotes":""},"class_list":["post-1545","page","type-page","status-publish","hentry"],"acf":[],"_links":{"self":[{"href":"https:\/\/ndmproduction.com\/de\/wp-json\/wp\/v2\/pages\/1545","targetHints":{"allow":["GET"]}}],"collection":[{"href":"https:\/\/ndmproduction.com\/de\/wp-json\/wp\/v2\/pages"}],"about":[{"href":"https:\/\/ndmproduction.com\/de\/wp-json\/wp\/v2\/types\/page"}],"author":[{"embeddable":true,"href":"https:\/\/ndmproduction.com\/de\/wp-json\/wp\/v2\/users\/1"}],"replies":[{"embeddable":true,"href":"https:\/\/ndmproduction.com\/de\/wp-json\/wp\/v2\/comments?post=1545"}],"version-history":[{"count":1,"href":"https:\/\/ndmproduction.com\/de\/wp-json\/wp\/v2\/pages\/1545\/revisions"}],"predecessor-version":[{"id":1546,"href":"https:\/\/ndmproduction.com\/de\/wp-json\/wp\/v2\/pages\/1545\/revisions\/1546"}],"wp:attachment":[{"href":"https:\/\/ndmproduction.com\/de\/wp-json\/wp\/v2\/media?parent=1545"}],"curies":[{"name":"wp","href":"https:\/\/api.w.org\/{rel}","templated":true}]}}